{"id":6502,"date":"2022-01-20T12:06:19","date_gmt":"2022-01-20T12:06:19","guid":{"rendered":"https:\/\/www.frecan.es\/blog\/artesania-tecnologia-vanguardia\/"},"modified":"2022-01-20T12:14:33","modified_gmt":"2022-01-20T12:14:33","slug":"artesania-tecnologia-vanguardia","status":"publish","type":"page","link":"https:\/\/www.frecan.es\/blog\/en\/artesania-tecnologia-vanguardia\/","title":{"rendered":"Frecan, an artisan soul, but equipped with cutting-edge technology"},"content":{"rendered":"<h2 style=\"color: #949494; font-size: 24px; line-height: 26px; margin-top: -20px;\">All our products are assembled by hand to guarantee the highest quality standards.<br \/>\n<\/h2>\n<p><!--more--><\/p>\n<h3>The essence of a manufacturer<\/h3>\n<p>Frecan works to measure, taking care of every detail from design to final production. <strong>Is crafts, it is state-of-the-art technology and quality, design and taking care of every detail are our hallmarks.<\/strong><\/p>\n<h3>Everything starts from raw materials.<\/h3>\n<p>You can&#8217;t make an excellent product without excellent raw materials. That&#8217;s why every material has to pass many tests before being selected.<\/p>\n<h3>From design to production<\/h3>\n<p>The manufacture of a hood or an extraction system begins with the laser cutting of stainless steel sheets. <\/p>\n<div class=\"columns medium-6\" style=\"padding: 0 10px 10px 0; font-size: 13px;\">\n<img loading=\"lazy\" decoding=\"async\" src=\"https:\/\/www.frecan.es\/blog\/wp-content\/uploads\/2022\/01\/maquina-laser-acero-inoxidable-campanas-extractoras-frecan.gif\" alt=\"aser cutting of stainless steel hoods Barcelona - Frecan\" width=\"1600\" height=\"1067\" class=\"aligncenter size-full wp-image-6484\" \/>\n<\/div>\n<div class=\"columns medium-6\" style=\"padding: 0 10px 10px 0; font-size: 13px;\">\n<img loading=\"lazy\" decoding=\"async\" src=\"https:\/\/www.frecan.es\/blog\/wp-content\/uploads\/2022\/01\/plegadora-acer-inoxidable-frecan.gif\" alt=\"shaped extractor hood Barcelona - Frecan\" width=\"1600\" height=\"1067\" class=\"aligncenter size-full wp-image-6487\" \/>\n<\/div>\n<p>After laser cutting of the stainless steel the parts are bent and shaped with the help of press brakes both robotic and manual.<\/p>\n<p>Then the Frecan specialists come into play. The different parts are soldered, the stainless steel is worked,  and all the hood components are manually assembled.<\/p>\n<div class=\"columns medium-6\" style=\"padding: 0 10px 10px 0; font-size: 13px;\">\n<img loading=\"lazy\" decoding=\"async\" src=\"https:\/\/www.frecan.es\/blog\/wp-content\/uploads\/2022\/01\/soldar-acer-inoxidable-campanas-extractoras-frecan.gif\" alt=\"soldered stainless steel- Hoods Barcelona Frecan\" width=\"1600\" height=\"1067\" class=\"aligncenter size-full wp-image-6490\" \/>\n<\/div>\n<div class=\"columns medium-6\" style=\"padding: 0 10px 10px 0; font-size: 13px;\">\n<img loading=\"lazy\" decoding=\"async\" src=\"https:\/\/www.frecan.es\/blog\/wp-content\/uploads\/2022\/01\/tested-campanas-extractoras-barcelona-frecan.jpg\" alt=\"Tested extractor hoods Barcelona - Frecan\" width=\"1400\" height=\"933\" class=\"aligncenter size-full wp-image-6493\" srcset=\"https:\/\/www.frecan.es\/blog\/wp-content\/uploads\/2022\/01\/tested-campanas-extractoras-barcelona-frecan.jpg 1400w, https:\/\/www.frecan.es\/blog\/wp-content\/uploads\/2022\/01\/tested-campanas-extractoras-barcelona-frecan-300x200.jpg 300w, https:\/\/www.frecan.es\/blog\/wp-content\/uploads\/2022\/01\/tested-campanas-extractoras-barcelona-frecan-1024x682.jpg 1024w, https:\/\/www.frecan.es\/blog\/wp-content\/uploads\/2022\/01\/tested-campanas-extractoras-barcelona-frecan-768x512.jpg 768w, https:\/\/www.frecan.es\/blog\/wp-content\/uploads\/2022\/01\/tested-campanas-extractoras-barcelona-frecan-800x533.jpg 800w, https:\/\/www.frecan.es\/blog\/wp-content\/uploads\/2022\/01\/tested-campanas-extractoras-barcelona-frecan-1280x853.jpg 1280w\" sizes=\"auto, (max-width: 1400px) 100vw, 1400px\" \/>\n<\/div>\n<p style=\"float: left;\">\nAt the end of the assembly process, each hood is subjected to a rigorous final control, both mechanical and aesthetical, to guarantee high-quality and functional Frecan products and we proceed with packaging for delivery to the customer.<\/p>\n<h3>Discover more<\/h3>\n<blockquote class=\"wp-embedded-content\" data-secret=\"B8vP9eoeV6\"><p><a href=\"https:\/\/www.frecan.es\/blog\/en\/designs-manufactures-hoods\/\">En nuestra sede en Barcelona, Frecan dise\u00f1a y fabrica m\u00e1s de 100 modelos de campanas, distribuidos a m\u00e1s de 20 pa\u00edses.<\/a><\/p><\/blockquote>\n<p><iframe loading=\"lazy\" class=\"wp-embedded-content\" sandbox=\"allow-scripts\" security=\"restricted\" style=\"position: absolute; clip: rect(1px, 1px, 1px, 1px);\" title=\"&#8220;En nuestra sede en Barcelona, Frecan dise\u00f1a y fabrica m\u00e1s de 100 modelos de campanas, distribuidos a m\u00e1s de 20 pa\u00edses.&#8221; &#8212; Blog de Frecan\" src=\"https:\/\/www.frecan.es\/blog\/en\/designs-manufactures-hoods\/embed\/#?secret=B8vP9eoeV6\" data-secret=\"B8vP9eoeV6\" width=\"600\" height=\"338\" frameborder=\"0\" marginwidth=\"0\" marginheight=\"0\" scrolling=\"no\"><\/iframe><\/p>\n<blockquote class=\"wp-embedded-content\" data-secret=\"m3xhfaowQk\"><p><a href=\"https:\/\/www.frecan.es\/blog\/en\/welcome-to-frecan-hood-manufacturers\/\">Cada d\u00eda m\u00e1s presentes, cada d\u00eda m\u00e1s conectados, cada d\u00eda m\u00e1s internacionalizados.<\/a><\/p><\/blockquote>\n<p><iframe loading=\"lazy\" class=\"wp-embedded-content\" sandbox=\"allow-scripts\" security=\"restricted\" style=\"position: absolute; clip: rect(1px, 1px, 1px, 1px);\" title=\"&#8220;Cada d\u00eda m\u00e1s presentes, cada d\u00eda m\u00e1s conectados, cada d\u00eda m\u00e1s internacionalizados.&#8221; &#8212; Blog de Frecan\" src=\"https:\/\/www.frecan.es\/blog\/en\/welcome-to-frecan-hood-manufacturers\/embed\/#?secret=m3xhfaowQk\" data-secret=\"m3xhfaowQk\" width=\"600\" height=\"338\" frameborder=\"0\" marginwidth=\"0\" marginheight=\"0\" scrolling=\"no\"><\/iframe><\/p>\n","protected":false},"excerpt":{"rendered":"<p>All our products are assembled by hand to guarantee the highest quality standards.<\/p>\n","protected":false},"author":2,"featured_media":6504,"parent":0,"menu_order":0,"comment_status":"closed","ping_status":"closed","template":"","meta":{"footnotes":""},"class_list":["post-6502","page","type-page","status-publish","has-post-thumbnail"],"yoast_head":"<!-- This site is optimized with the Yoast SEO plugin v24.7 - https:\/\/yoast.com\/wordpress\/plugins\/seo\/ -->\n<title>Frecan, an artisan soul, but equipped with cutting-edge technology<\/title>\n<meta name=\"description\" content=\"At Frecan by Barcelona, all our products, all our extractor hoods are assembled by hand to guarantee the highest quality standards.\" \/>\n<meta name=\"robots\" content=\"index, follow, max-snippet:-1, max-image-preview:large, max-video-preview:-1\" \/>\n<link rel=\"canonical\" href=\"https:\/\/www.frecan.es\/blog\/en\/artesania-tecnologia-vanguardia\/\" \/>\n<meta property=\"og:locale\" content=\"en_US\" \/>\n<meta property=\"og:type\" content=\"article\" \/>\n<meta property=\"og:title\" content=\"Frecan, an artisan soul, but equipped with cutting-edge technology\" \/>\n<meta property=\"og:description\" content=\"At Frecan by Barcelona, all our products, all our extractor hoods are assembled by hand to guarantee the highest quality standards.\" \/>\n<meta property=\"og:url\" content=\"https:\/\/www.frecan.es\/blog\/en\/artesania-tecnologia-vanguardia\/\" \/>\n<meta property=\"og:site_name\" content=\"Blog de Frecan\" \/>\n<meta property=\"article:modified_time\" content=\"2022-01-20T12:14:33+00:00\" \/>\n<meta property=\"og:image\" content=\"https:\/\/www.frecan.es\/blog\/wp-content\/uploads\/2022\/01\/artisan-technology-quality-hoods-frecan.jpg\" \/>\n\t<meta property=\"og:image:width\" content=\"1300\" \/>\n\t<meta property=\"og:image:height\" content=\"1300\" \/>\n\t<meta property=\"og:image:type\" content=\"image\/jpeg\" \/>\n<meta name=\"twitter:card\" content=\"summary_large_image\" \/>\n<meta name=\"twitter:label1\" content=\"Est. reading time\" \/>\n\t<meta name=\"twitter:data1\" content=\"1 minute\" \/>\n<script type=\"application\/ld+json\" class=\"yoast-schema-graph\">{\"@context\":\"https:\/\/schema.org\",\"@graph\":[{\"@type\":\"WebPage\",\"@id\":\"https:\/\/www.frecan.es\/blog\/en\/artesania-tecnologia-vanguardia\/\",\"url\":\"https:\/\/www.frecan.es\/blog\/en\/artesania-tecnologia-vanguardia\/\",\"name\":\"Frecan, an artisan soul, but equipped with cutting-edge technology\",\"isPartOf\":{\"@id\":\"https:\/\/www.frecan.es\/blog\/en\/#website\"},\"primaryImageOfPage\":{\"@id\":\"https:\/\/www.frecan.es\/blog\/en\/artesania-tecnologia-vanguardia\/#primaryimage\"},\"image\":{\"@id\":\"https:\/\/www.frecan.es\/blog\/en\/artesania-tecnologia-vanguardia\/#primaryimage\"},\"thumbnailUrl\":\"https:\/\/www.frecan.es\/blog\/wp-content\/uploads\/2022\/01\/artisan-technology-quality-hoods-frecan.jpg\",\"datePublished\":\"2022-01-20T12:06:19+00:00\",\"dateModified\":\"2022-01-20T12:14:33+00:00\",\"description\":\"At Frecan by Barcelona, all our products, all our extractor hoods are assembled by hand to guarantee the highest quality standards.\",\"breadcrumb\":{\"@id\":\"https:\/\/www.frecan.es\/blog\/en\/artesania-tecnologia-vanguardia\/#breadcrumb\"},\"inLanguage\":\"en-US\",\"potentialAction\":[{\"@type\":\"ReadAction\",\"target\":[\"https:\/\/www.frecan.es\/blog\/en\/artesania-tecnologia-vanguardia\/\"]}]},{\"@type\":\"ImageObject\",\"inLanguage\":\"en-US\",\"@id\":\"https:\/\/www.frecan.es\/blog\/en\/artesania-tecnologia-vanguardia\/#primaryimage\",\"url\":\"https:\/\/www.frecan.es\/blog\/wp-content\/uploads\/2022\/01\/artisan-technology-quality-hoods-frecan.jpg\",\"contentUrl\":\"https:\/\/www.frecan.es\/blog\/wp-content\/uploads\/2022\/01\/artisan-technology-quality-hoods-frecan.jpg\",\"width\":1300,\"height\":1300,\"caption\":\"Frecan, an artisan soul, but equipped with cutting-edge technology\"},{\"@type\":\"BreadcrumbList\",\"@id\":\"https:\/\/www.frecan.es\/blog\/en\/artesania-tecnologia-vanguardia\/#breadcrumb\",\"itemListElement\":[{\"@type\":\"ListItem\",\"position\":1,\"name\":\"Cover page\",\"item\":\"https:\/\/www.frecan.es\/blog\/en\/\"},{\"@type\":\"ListItem\",\"position\":2,\"name\":\"Frecan, an artisan soul, but equipped with cutting-edge technology\"}]},{\"@type\":\"WebSite\",\"@id\":\"https:\/\/www.frecan.es\/blog\/en\/#website\",\"url\":\"https:\/\/www.frecan.es\/blog\/en\/\",\"name\":\"Blog de Frecan\",\"description\":\"Craftsmanship, technology and avant-garde in the heart of your kitchen\",\"publisher\":{\"@id\":\"https:\/\/www.frecan.es\/blog\/en\/#organization\"},\"potentialAction\":[{\"@type\":\"SearchAction\",\"target\":{\"@type\":\"EntryPoint\",\"urlTemplate\":\"https:\/\/www.frecan.es\/blog\/en\/?s={search_term_string}\"},\"query-input\":{\"@type\":\"PropertyValueSpecification\",\"valueRequired\":true,\"valueName\":\"search_term_string\"}}],\"inLanguage\":\"en-US\"},{\"@type\":\"Organization\",\"@id\":\"https:\/\/www.frecan.es\/blog\/en\/#organization\",\"name\":\"Frecan\",\"url\":\"https:\/\/www.frecan.es\/blog\/en\/\",\"logo\":{\"@type\":\"ImageObject\",\"inLanguage\":\"en-US\",\"@id\":\"https:\/\/www.frecan.es\/blog\/en\/#\/schema\/logo\/image\/\",\"url\":\"https:\/\/www.frecan.es\/blog\/wp-content\/uploads\/2016\/02\/logo-frecan.png\",\"contentUrl\":\"https:\/\/www.frecan.es\/blog\/wp-content\/uploads\/2016\/02\/logo-frecan.png\",\"width\":250,\"height\":27,\"caption\":\"Frecan\"},\"image\":{\"@id\":\"https:\/\/www.frecan.es\/blog\/en\/#\/schema\/logo\/image\/\"}}]}<\/script>\n<!-- \/ Yoast SEO plugin. -->","yoast_head_json":{"title":"Frecan, an artisan soul, but equipped with cutting-edge technology","description":"At Frecan by Barcelona, all our products, all our extractor hoods are assembled by hand to guarantee the highest quality standards.","robots":{"index":"index","follow":"follow","max-snippet":"max-snippet:-1","max-image-preview":"max-image-preview:large","max-video-preview":"max-video-preview:-1"},"canonical":"https:\/\/www.frecan.es\/blog\/en\/artesania-tecnologia-vanguardia\/","og_locale":"en_US","og_type":"article","og_title":"Frecan, an artisan soul, but equipped with cutting-edge technology","og_description":"At Frecan by Barcelona, all our products, all our extractor hoods are assembled by hand to guarantee the highest quality standards.","og_url":"https:\/\/www.frecan.es\/blog\/en\/artesania-tecnologia-vanguardia\/","og_site_name":"Blog de Frecan","article_modified_time":"2022-01-20T12:14:33+00:00","og_image":[{"width":1300,"height":1300,"url":"https:\/\/www.frecan.es\/blog\/wp-content\/uploads\/2022\/01\/artisan-technology-quality-hoods-frecan.jpg","type":"image\/jpeg"}],"twitter_card":"summary_large_image","twitter_misc":{"Est. reading time":"1 minute"},"schema":{"@context":"https:\/\/schema.org","@graph":[{"@type":"WebPage","@id":"https:\/\/www.frecan.es\/blog\/en\/artesania-tecnologia-vanguardia\/","url":"https:\/\/www.frecan.es\/blog\/en\/artesania-tecnologia-vanguardia\/","name":"Frecan, an artisan soul, but equipped with cutting-edge technology","isPartOf":{"@id":"https:\/\/www.frecan.es\/blog\/en\/#website"},"primaryImageOfPage":{"@id":"https:\/\/www.frecan.es\/blog\/en\/artesania-tecnologia-vanguardia\/#primaryimage"},"image":{"@id":"https:\/\/www.frecan.es\/blog\/en\/artesania-tecnologia-vanguardia\/#primaryimage"},"thumbnailUrl":"https:\/\/www.frecan.es\/blog\/wp-content\/uploads\/2022\/01\/artisan-technology-quality-hoods-frecan.jpg","datePublished":"2022-01-20T12:06:19+00:00","dateModified":"2022-01-20T12:14:33+00:00","description":"At Frecan by Barcelona, all our products, all our extractor hoods are assembled by hand to guarantee the highest quality standards.","breadcrumb":{"@id":"https:\/\/www.frecan.es\/blog\/en\/artesania-tecnologia-vanguardia\/#breadcrumb"},"inLanguage":"en-US","potentialAction":[{"@type":"ReadAction","target":["https:\/\/www.frecan.es\/blog\/en\/artesania-tecnologia-vanguardia\/"]}]},{"@type":"ImageObject","inLanguage":"en-US","@id":"https:\/\/www.frecan.es\/blog\/en\/artesania-tecnologia-vanguardia\/#primaryimage","url":"https:\/\/www.frecan.es\/blog\/wp-content\/uploads\/2022\/01\/artisan-technology-quality-hoods-frecan.jpg","contentUrl":"https:\/\/www.frecan.es\/blog\/wp-content\/uploads\/2022\/01\/artisan-technology-quality-hoods-frecan.jpg","width":1300,"height":1300,"caption":"Frecan, an artisan soul, but equipped with cutting-edge technology"},{"@type":"BreadcrumbList","@id":"https:\/\/www.frecan.es\/blog\/en\/artesania-tecnologia-vanguardia\/#breadcrumb","itemListElement":[{"@type":"ListItem","position":1,"name":"Cover page","item":"https:\/\/www.frecan.es\/blog\/en\/"},{"@type":"ListItem","position":2,"name":"Frecan, an artisan soul, but equipped with cutting-edge technology"}]},{"@type":"WebSite","@id":"https:\/\/www.frecan.es\/blog\/en\/#website","url":"https:\/\/www.frecan.es\/blog\/en\/","name":"Blog de Frecan","description":"Craftsmanship, technology and avant-garde in the heart of your kitchen","publisher":{"@id":"https:\/\/www.frecan.es\/blog\/en\/#organization"},"potentialAction":[{"@type":"SearchAction","target":{"@type":"EntryPoint","urlTemplate":"https:\/\/www.frecan.es\/blog\/en\/?s={search_term_string}"},"query-input":{"@type":"PropertyValueSpecification","valueRequired":true,"valueName":"search_term_string"}}],"inLanguage":"en-US"},{"@type":"Organization","@id":"https:\/\/www.frecan.es\/blog\/en\/#organization","name":"Frecan","url":"https:\/\/www.frecan.es\/blog\/en\/","logo":{"@type":"ImageObject","inLanguage":"en-US","@id":"https:\/\/www.frecan.es\/blog\/en\/#\/schema\/logo\/image\/","url":"https:\/\/www.frecan.es\/blog\/wp-content\/uploads\/2016\/02\/logo-frecan.png","contentUrl":"https:\/\/www.frecan.es\/blog\/wp-content\/uploads\/2016\/02\/logo-frecan.png","width":250,"height":27,"caption":"Frecan"},"image":{"@id":"https:\/\/www.frecan.es\/blog\/en\/#\/schema\/logo\/image\/"}}]}},"_links":{"self":[{"href":"https:\/\/www.frecan.es\/blog\/en\/wp-json\/wp\/v2\/pages\/6502","targetHints":{"allow":["GET"]}}],"collection":[{"href":"https:\/\/www.frecan.es\/blog\/en\/wp-json\/wp\/v2\/pages"}],"about":[{"href":"https:\/\/www.frecan.es\/blog\/en\/wp-json\/wp\/v2\/types\/page"}],"author":[{"embeddable":true,"href":"https:\/\/www.frecan.es\/blog\/en\/wp-json\/wp\/v2\/users\/2"}],"replies":[{"embeddable":true,"href":"https:\/\/www.frecan.es\/blog\/en\/wp-json\/wp\/v2\/comments?post=6502"}],"version-history":[{"count":2,"href":"https:\/\/www.frecan.es\/blog\/en\/wp-json\/wp\/v2\/pages\/6502\/revisions"}],"predecessor-version":[{"id":6507,"href":"https:\/\/www.frecan.es\/blog\/en\/wp-json\/wp\/v2\/pages\/6502\/revisions\/6507"}],"wp:featuredmedia":[{"embeddable":true,"href":"https:\/\/www.frecan.es\/blog\/en\/wp-json\/wp\/v2\/media\/6504"}],"wp:attachment":[{"href":"https:\/\/www.frecan.es\/blog\/en\/wp-json\/wp\/v2\/media?parent=6502"}],"curies":[{"name":"wp","href":"https:\/\/api.w.org\/{rel}","templated":true}]}}